{"id":3847,"date":"2018-01-22T10:58:45","date_gmt":"2018-01-22T10:58:45","guid":{"rendered":"http:\/\/icecon.ro\/research-development-innovation\/diseminarea-activitatii-de-cd-i\/"},"modified":"2018-08-29T07:32:48","modified_gmt":"2018-08-29T07:32:48","slug":"dissemination-of-the-research-results-in-romanian","status":"publish","type":"page","link":"https:\/\/icecon.ro\/en\/research-development-innovation\/dissemination-of-the-research-results-in-romanian\/","title":{"rendered":"Dissemination of the research results (in Romanian)"},"content":{"rendered":"<p>[vc_row css_animation=&#8221;&#8221; row_type=&#8221;row&#8221; use_row_as_full_screen_section=&#8221;no&#8221; type=&#8221;grid&#8221; angled_section=&#8221;no&#8221; text_align=&#8221;left&#8221; background_image_as_pattern=&#8221;without_pattern&#8221; padding_top=&#8221;30&#8243; padding_bottom=&#8221;30&#8243;][vc_column][vc_column_text]<\/p>\n<h2 style=\"text-align: center;\"><span style=\"color: #24316b;\"><strong>The 7th International Conference on Computation Mecanics and Virtual Engineering &#8211; COMEC 2017<\/strong><\/span><\/h2>\n<h2 style=\"text-align: center;\"><span style=\"color: #24316b;\"><strong>Bra<\/strong><strong>\u015fov, ROMANIA, 16 \u2013 17 November 2017<\/strong><\/span><\/h2>\n<p>[\/vc_column_text][vc_separator type=&#8221;transparent&#8221; thickness=&#8221;30&#8243;][vc_column_text]<\/p>\n<table width=\"737\">\n<tbody>\n<tr>\n<td width=\"27\"><strong><span style=\"color: #24316b;\">Nr.<\/span><\/strong><\/p>\n<p><strong><span style=\"color: #24316b;\">Ctr.<\/span><\/strong><\/td>\n<td width=\"261\"><strong><span style=\"color: #24316b;\">Nume autor \/\u00a0 Afiliere<\/span><\/strong><\/td>\n<td width=\"321\"><strong><span style=\"color: #24316b;\">Denumire lucrare<\/span><\/strong><\/td>\n<td width=\"127\"><strong><span style=\"color: #24316b;\">Tip sus\u0163inere<\/span><\/strong><\/p>\n<p><strong><span style=\"color: #24316b;\">\/ observatii<\/span><\/strong><\/td>\n<\/tr>\n<tr>\n<td width=\"27\"><span style=\"color: #000000;\">1<\/span><\/td>\n<td width=\"261\"><span style=\"color: #000000;\">Conf.Univ. Dr. Ing. \u00a0Ovidiu Vasile<\/span><\/td>\n<td width=\"321\"><span style=\"color: #000000;\">\u00a0Extinderea conceptului de calcul activ \u00een regim dinamic pentru sistemele controlate de generare\u00a0\u00a0 \u00a0a vibra\u021biilor<\/span><\/td>\n<td width=\"127\"><span style=\"color: #000000;\">articol\u00a0 + prezentare powerpoint<\/span><\/td>\n<\/tr>\n<tr>\n<td width=\"27\"><span style=\"color: #000000;\">2<\/span><\/td>\n<td width=\"261\"><span style=\"color: #000000;\">Drd. Ing. \u00a0Sorin POPA<\/span><\/td>\n<td width=\"321\"><span style=\"color: #000000;\">Algoritm de evaluare \u015fi certificare a performan\u0163elor aparatelor de reazem utilizate pentru poduri\u00a0\u00a0\u00a0\u00a0\u00a0\u00a0\u00a0\u00a0\u00a0 \u00a0\u015fi viaducte<\/span><\/td>\n<td width=\"127\"><span style=\"color: #000000;\">articol + prezentare powerpoint<\/span><\/td>\n<\/tr>\n<tr>\n<td width=\"27\"><span style=\"color: #000000;\">3<\/span><\/td>\n<td width=\"261\"><span style=\"color: #000000;\">Prof.Univ. Emerit Dr. Ing. Polidor Bratu<\/span><\/p>\n<p><span style=\"color: #000000;\">Drd. Ing. Sorin Popa \u00a0\u00a0<\/span><\/p>\n<p><span style=\"color: #000000;\">Drd. Ing. Mihai Ciuncanu<\/span><\/p>\n<p><span style=\"color: #000000;\">Drd. Ing. \u00a0Adriana Stuparu\u00a0<\/span><\/td>\n<td width=\"321\"><span style=\"color: #000000;\">Modelarea matematic\u0103 a comportamentului reologic pentru dispozitivele anti-seismice\u00a0\u00a0\u00a0\u00a0\u00a0\u00a0\u00a0\u00a0\u00a0\u00a0\u00a0\u00a0\u00a0\u00a0\u00a0 \u00a0din elastomeri<\/span><\/td>\n<td width=\"127\"><span style=\"color: #000000;\">expunere poster\u00a0 sectiune workshop<\/span><\/td>\n<\/tr>\n<tr>\n<td width=\"27\"><span style=\"color: #000000;\">4<\/span><\/td>\n<td width=\"261\"><span style=\"color: #000000;\">Prof.Univ. Emerit Dr. Ing. Polidor Bratu<\/span><\/p>\n<p><span style=\"color: #000000;\">Drd. Ing. Sorin Popa\u00a0\u00a0<\/span><\/p>\n<p><span style=\"color: #000000;\">Drd. Ing. \u00a0Adriana Stuparu<\/span><\/p>\n<p><span style=\"color: #000000;\">Drd. Ing. \u00a0Ovidiu Voicu\u00a0<\/span><\/td>\n<td width=\"321\"><span style=\"color: #000000;\">Analiza \u015fi optimizarea performan\u0163elor dispozitivelor elastomerice antiseismice \u015fi antivibratile<\/span><\/td>\n<td width=\"127\"><span style=\"color: #000000;\">expunere poster\u00a0 sectiune workshop<\/span><\/td>\n<\/tr>\n<tr>\n<td width=\"27\"><span style=\"color: #000000;\">5<\/span><\/td>\n<td width=\"261\"><span style=\"color: #000000;\">Drd. Ing. Sorin Popa<\/span><\/p>\n<p><span style=\"color: #000000;\">Prof.Univ. Emerit Dr. Ing. Polidor Bratu<\/span><\/p>\n<p><span style=\"color: #000000;\">Conf.Univ. Dr. Ing. \u00a0Ovidiu Vasile<\/span><\/td>\n<td width=\"321\"><span style=\"color: #000000;\">Validarea experimental\u0103 \u015fi certificarea performan\u0163elor aparatelor de reazem<\/span><\/td>\n<td width=\"127\"><span style=\"color: #000000;\">expunere poster sectiune workshop<\/span><\/td>\n<\/tr>\n<tr>\n<td width=\"27\"><span style=\"color: #000000;\">6<\/span><\/td>\n<td width=\"261\"><span style=\"color: #000000;\">Prof.Univ. Emerit Dr. Ing. Polidor Bratu<\/span><\/p>\n<p><span style=\"color: #000000;\">Ing. Aurelian Ghinea<\/span><\/p>\n<p><span style=\"color: #000000;\">Conf.Univ. Dr. Ing. \u00a0Ovidiu Vasile<\/span><\/td>\n<td width=\"321\"><span style=\"color: #000000;\">\u00cencercarea \u015fi optimizarea performan\u0163elor elementelor din elastomeri utilizate pentru izolarea sau amortizarea vibra\u0163iilor tehnologice<\/span><\/td>\n<td width=\"127\"><span style=\"color: #000000;\">expunere poster sectiune workshop<\/span><\/td>\n<\/tr>\n<tr>\n<td width=\"27\"><span style=\"color: #000000;\">7<\/span><\/td>\n<td width=\"261\"><span style=\"color: #000000;\">Ing. Aurelian Ghinea,<\/span><\/p>\n<p><span style=\"color: #000000;\">Drd. Ing. Mihai Ciuncanu<\/span><\/p>\n<p><span style=\"color: #000000;\">Conf.Univ. Dr. Ing. Ovidiu Vasile<\/span><\/p>\n<p><span style=\"color: #000000;\">Dr. Ing. Carmen Alexandru<\/span><\/td>\n<td width=\"321\"><span style=\"color: #000000;\">\u00cencerc\u0103ri pentru evaluarea performan\u0163elor dinamice ale dispozitivelor antiseismice hidraulice<\/span><\/td>\n<td width=\"127\"><span style=\"color: #000000;\">expunere poster\u00a0 sectiune workshop<\/span><\/td>\n<\/tr>\n<tr>\n<td width=\"27\"><span style=\"color: #000000;\">8<\/span><\/td>\n<td width=\"261\"><span style=\"color: #000000;\">Prof.Univ. Emerit Dr. Ing. Polidor Bratu<\/span><\/p>\n<p><span style=\"color: #000000;\">Ing. Aurelian Ghinea<\/span><\/p>\n<p><span style=\"color: #000000;\">Conf.Univ. Dr. Ing. Ovidiu Vasile<\/span><\/p>\n<p><span style=\"color: #000000;\">Dr. Ing. Carmen Alexandru<\/span><\/td>\n<td width=\"321\"><span style=\"color: #000000;\">Modelarea \u015fi evaluarea comport\u0103rii dispozitivelor antiseismice disipative pe baza \u00eencerc\u0103rilor\u00a0\u00a0\u00a0\u00a0\u00a0\u00a0\u00a0\u00a0\u00a0 \u00a0\u00a0\u00a0\u00a0\u00a0\u00a0\u00a0de laborator<\/span><\/td>\n<td width=\"127\"><span style=\"color: #000000;\">expunere poster sectiune workshop<\/span><\/p>\n<p>&nbsp;<\/td>\n<\/tr>\n<tr>\n<td width=\"27\"><span style=\"color: #000000;\">9<\/span><\/td>\n<td width=\"261\"><span style=\"color: #000000;\">Ing. Aurelian Ghinea<\/span><\/p>\n<p><span style=\"color: #000000;\">Drd. Ing. Mihai Ciuncanu<\/span><\/p>\n<p><span style=\"color: #000000;\">Conf.Univ. Dr. Ing.\u00a0 Ovidiu Vasile<\/span><\/td>\n<td width=\"321\"><span style=\"color: #000000;\">Analiza experimental\u0103 a performan\u0163elor cuplelor mecanice<\/span><\/td>\n<td width=\"127\"><span style=\"color: #000000;\">expunere poster sectiune workshop<\/span><\/td>\n<\/tr>\n<tr>\n<td width=\"27\"><span style=\"color: #000000;\">10<\/span><\/td>\n<td width=\"261\"><span style=\"color: #000000;\">Conf.Univ. Dr.Ing. \u00a0Nicu\u0219or Dr\u0103gan<\/span><\/p>\n<p><span style=\"color: #000000;\">Prof.Univ. Emerit Dr. Ing. Polidor Bratu<\/span><\/td>\n<td width=\"321\"><span style=\"color: #000000;\">Studiu experimental \u015fi modelare \u00een mediul virtual a comport\u0103rii dinamice a unui\u00a0 viaduct pe autostrada Transilvania<\/span><\/td>\n<td width=\"127\"><span style=\"color: #000000;\">expunere poster<\/span><\/p>\n<p><span style=\"color: #000000;\">sectiune workshop<\/span><\/td>\n<\/tr>\n<tr>\n<td width=\"27\"><span style=\"color: #000000;\">11<\/span><\/td>\n<td width=\"261\"><span style=\"color: #000000;\">Dr. Ing. Mirela Laz\u0103r,<\/span><\/p>\n<p><span style=\"color: #000000;\">Dr. Ing. Daniela Fiat\u00a0<\/span><\/td>\n<td width=\"321\"><span style=\"color: #000000;\">Metode experimentale de \u00eencercare \u015fi analiz\u0103 a performan\u0163elor sistemelor de placare a cl\u0103dirilor<\/span><\/td>\n<td width=\"127\"><span style=\"color: #000000;\">expunere poster sectiune workshop<\/span><\/td>\n<\/tr>\n<tr>\n<td width=\"27\"><span style=\"color: #000000;\">13<\/span><\/td>\n<td width=\"261\"><span style=\"color: #000000;\">Drd. Ing. Mihai Ciuncanu<\/span><\/td>\n<td width=\"321\"><span style=\"color: #000000;\">Achizi\u0163ia, analiza \u015fi procesarea semnalelor experimentale \u00eenregistrate<\/span><\/td>\n<td width=\"127\"><span style=\"color: #000000;\">expunere poster sectiune workshop<\/span><\/td>\n<\/tr>\n<tr>\n<td width=\"27\"><span style=\"color: #000000;\">14<\/span><\/td>\n<td width=\"261\"><span style=\"color: #000000;\">Dr. Ing. Cornelia Dobrescu,<\/span><\/p>\n<p><span style=\"color: #000000;\">Drd.Ing. Eugeniu\u00a0 Bragu\u0163\u0103<\/span><\/p>\n<p>&nbsp;<\/td>\n<td width=\"321\"><span style=\"color: #000000;\">Analiza comparativ\u0103 a modelelor reologice Voigh-Kelvin-Maxwell pentru p\u0103m\u00e2nturi \u00een procesul de compactare dinamic\u0103 prin vibrare<\/span><\/td>\n<td width=\"127\"><span style=\"color: #000000;\">prezentare powerpoint<\/span><\/td>\n<\/tr>\n<\/tbody>\n<\/table>\n<p>[\/vc_column_text][\/vc_column][\/vc_row][vc_row css_animation=&#8221;&#8221; row_type=&#8221;row&#8221; use_row_as_full_screen_section=&#8221;no&#8221; type=&#8221;grid&#8221; angled_section=&#8221;no&#8221; text_align=&#8221;left&#8221; background_image_as_pattern=&#8221;without_pattern&#8221; padding_top=&#8221;40&#8243;][vc_column][vc_row_inner row_type=&#8221;row&#8221; type=&#8221;grid&#8221; text_align=&#8221;left&#8221; background_color=&#8221;#3291d1&#8243; padding_top=&#8221;10&#8243; padding_bottom=&#8221;10&#8243; css_animation=&#8221;&#8221;][vc_column_inner][vc_column_text]<\/p>\n<h3 style=\"text-align: left;\"><span style=\"color: #ffffff;\"><strong>Noutati<\/strong><\/span><\/h3>\n<p>[\/vc_column_text][\/vc_column_inner][\/vc_row_inner]<div class=\"lvca-portfolio-wrap lvca-gapless-grid\"><div id=\"lvca-portfolio-69e4c2d3422e8\" \n                    class=\"lvca-portfolio js-isotope lvca-masonry lvca-grid-container  lvca-grid-desktop-4 lvca-grid-tablet-2 lvca-grid-mobile-1\"\n                    data-gutter=\"20\"\n                    data-tablet_gutter=\"10\"\n                    data-tablet_width=\"800\"\n                    data-mobile_gutter=\"10\"\n                    data-mobile_width=\"480\"\n                    data-isotope-options='{ \"itemSelector\": \".lvca-portfolio-item\", \"layoutMode\": \"masonry\" }'><div data-id=\"id-3719\" class=\"lvca-grid-item lvca-portfolio-item  term-82\"><article id=\"post-3719\" class=\"post-3719 post type-post status-publish format-standard has-post-thumbnail hentry category-news\"><div class=\"lvca-project-image\"><a href=\"https:\/\/icecon.ro\/en\/adsc-association\/\" ><img loading=\"lazy\" decoding=\"async\" width=\"1024\" height=\"704\" src=\"https:\/\/icecon.ro\/wp-content\/uploads\/2018\/04\/ADSC2-1024x704.jpg\" class=\"attachment-large size-large wp-post-image\" alt=\"\" srcset=\"https:\/\/icecon.ro\/wp-content\/uploads\/2018\/04\/ADSC2.jpg 1024w, https:\/\/icecon.ro\/wp-content\/uploads\/2018\/04\/ADSC2-300x206.jpg 300w, https:\/\/icecon.ro\/wp-content\/uploads\/2018\/04\/ADSC2-768x528.jpg 768w, https:\/\/icecon.ro\/wp-content\/uploads\/2018\/04\/ADSC2-700x481.jpg 700w\" sizes=\"auto, (max-width: 1024px) 100vw, 1024px\" \/><\/a><\/div><div class=\"lvca-entry-text-wrap \"><h3 class=\"entry-title\"><a href=\"https:\/\/icecon.ro\/en\/adsc-association\/\" title=\"ADSC association\"  rel=\"bookmark\">ADSC association<\/a><\/h3><div class=\"lvca-entry-meta\"><span class=\"published\"><abbr title=\"Thursday, April, 2018, 10:27 am\">5 April 2018<\/abbr><\/span><\/div><\/div><\/article><!-- .hentry --><\/div><div data-id=\"id-3721\" class=\"lvca-grid-item lvca-portfolio-item  term-82\"><article id=\"post-3721\" class=\"post-3721 post type-post status-publish format-standard has-post-thumbnail hentry category-news\"><div class=\"lvca-project-image\"><a href=\"https:\/\/icecon.ro\/en\/open-position-for-scientific-researcher-grade-ii\/\" ><img loading=\"lazy\" decoding=\"async\" width=\"1024\" height=\"704\" src=\"https:\/\/icecon.ro\/wp-content\/uploads\/2018\/04\/Concurs2-1024x704.jpg\" class=\"attachment-large size-large wp-post-image\" alt=\"\" srcset=\"https:\/\/icecon.ro\/wp-content\/uploads\/2018\/04\/Concurs2.jpg 1024w, https:\/\/icecon.ro\/wp-content\/uploads\/2018\/04\/Concurs2-300x206.jpg 300w, https:\/\/icecon.ro\/wp-content\/uploads\/2018\/04\/Concurs2-768x528.jpg 768w, https:\/\/icecon.ro\/wp-content\/uploads\/2018\/04\/Concurs2-700x481.jpg 700w\" sizes=\"auto, (max-width: 1024px) 100vw, 1024px\" \/><\/a><\/div><div class=\"lvca-entry-text-wrap \"><h3 class=\"entry-title\"><a href=\"https:\/\/icecon.ro\/en\/open-position-for-scientific-researcher-grade-ii\/\" title=\"Open position for Scientific Researcher grade II\"  rel=\"bookmark\">Open position for Scientific Researcher grade II<\/a><\/h3><div class=\"lvca-entry-meta\"><span class=\"published\"><abbr title=\"Thursday, April, 2018, 8:49 am\">5 April 2018<\/abbr><\/span><\/div><\/div><\/article><!-- .hentry --><\/div><div data-id=\"id-3723\" class=\"lvca-grid-item lvca-portfolio-item  term-82\"><article id=\"post-3723\" class=\"post-3723 post type-post status-publish format-standard has-post-thumbnail hentry category-news\"><div class=\"lvca-project-image\"><a href=\"https:\/\/icecon.ro\/en\/professor-emeritus\/\" ><img loading=\"lazy\" decoding=\"async\" width=\"1024\" height=\"704\" src=\"https:\/\/icecon.ro\/wp-content\/uploads\/2018\/04\/Profesor-Emerit-1024x704.jpg\" class=\"attachment-large size-large wp-post-image\" alt=\"\" srcset=\"https:\/\/icecon.ro\/wp-content\/uploads\/2018\/04\/Profesor-Emerit.jpg 1024w, https:\/\/icecon.ro\/wp-content\/uploads\/2018\/04\/Profesor-Emerit-300x206.jpg 300w, https:\/\/icecon.ro\/wp-content\/uploads\/2018\/04\/Profesor-Emerit-768x528.jpg 768w, https:\/\/icecon.ro\/wp-content\/uploads\/2018\/04\/Profesor-Emerit-700x481.jpg 700w\" sizes=\"auto, (max-width: 1024px) 100vw, 1024px\" \/><\/a><\/div><div class=\"lvca-entry-text-wrap \"><h3 class=\"entry-title\"><a href=\"https:\/\/icecon.ro\/en\/professor-emeritus\/\" title=\"Professor Emeritus\"  rel=\"bookmark\">Professor Emeritus<\/a><\/h3><div class=\"lvca-entry-meta\"><span class=\"published\"><abbr title=\"Thursday, April, 2018, 8:34 am\">5 April 2018<\/abbr><\/span><\/div><\/div><\/article><!-- .hentry --><\/div><div data-id=\"id-3725\" class=\"lvca-grid-item lvca-portfolio-item  term-82\"><article id=\"post-3725\" class=\"post-3725 post type-post status-publish format-standard has-post-thumbnail hentry category-news\"><div class=\"lvca-project-image\"><a href=\"https:\/\/icecon.ro\/en\/european-technical-assessment-body\/\" ><img loading=\"lazy\" decoding=\"async\" width=\"1024\" height=\"683\" src=\"https:\/\/icecon.ro\/wp-content\/uploads\/2018\/04\/97193488-1024x683.jpg\" class=\"attachment-large size-large wp-post-image\" alt=\"\" srcset=\"https:\/\/icecon.ro\/wp-content\/uploads\/2018\/04\/97193488-1024x683.jpg 1024w, https:\/\/icecon.ro\/wp-content\/uploads\/2018\/04\/97193488-300x200.jpg 300w, https:\/\/icecon.ro\/wp-content\/uploads\/2018\/04\/97193488-768x512.jpg 768w, https:\/\/icecon.ro\/wp-content\/uploads\/2018\/04\/97193488-700x467.jpg 700w\" sizes=\"auto, (max-width: 1024px) 100vw, 1024px\" \/><\/a><\/div><div class=\"lvca-entry-text-wrap \"><h3 class=\"entry-title\"><a href=\"https:\/\/icecon.ro\/en\/european-technical-assessment-body\/\" title=\"European Technical Assessment Body\"  rel=\"bookmark\">European Technical Assessment Body<\/a><\/h3><div class=\"lvca-entry-meta\"><span class=\"published\"><abbr title=\"Thursday, April, 2018, 8:28 am\">5 April 2018<\/abbr><\/span><\/div><\/div><\/article><!-- .hentry --><\/div><\/div><!-- .lvca-portfolio --><\/div><!-- .lvca-portfolio-wrap -->[vc_separator type=&#8221;normal&#8221;][\/vc_column][\/vc_row]<\/p>\n","protected":false},"excerpt":{"rendered":"<p>[vc_row css_animation=&#8221;&#8221; row_type=&#8221;row&#8221; use_row_as_full_screen_section=&#8221;no&#8221; type=&#8221;grid&#8221; angled_section=&#8221;no&#8221; text_align=&#8221;left&#8221; background_image_as_pattern=&#8221;without_pattern&#8221; padding_top=&#8221;30&#8243; padding_bottom=&#8221;30&#8243;][vc_column][vc_column_text] The 7th International Conference on Computation Mecanics and Virtual Engineering &#8211; COMEC 2017 Bra\u015fov, ROMANIA, 16 \u2013 17 November 2017 [\/vc_column_text][vc_separator type=&#8221;transparent&#8221; thickness=&#8221;30&#8243;][vc_column_text] Nr. Ctr. Nume autor \/\u00a0 Afiliere Denumire lucrare Tip sus\u0163inere \/ observatii&#8230;<\/p>\n","protected":false},"author":2,"featured_media":0,"parent":3776,"menu_order":0,"comment_status":"closed","ping_status":"closed","template":"","meta":{"footnotes":""},"class_list":["post-3847","page","type-page","status-publish","hentry"],"_links":{"self":[{"href":"https:\/\/icecon.ro\/en\/wp-json\/wp\/v2\/pages\/3847","targetHints":{"allow":["GET"]}}],"collection":[{"href":"https:\/\/icecon.ro\/en\/wp-json\/wp\/v2\/pages"}],"about":[{"href":"https:\/\/icecon.ro\/en\/wp-json\/wp\/v2\/types\/page"}],"author":[{"embeddable":true,"href":"https:\/\/icecon.ro\/en\/wp-json\/wp\/v2\/users\/2"}],"replies":[{"embeddable":true,"href":"https:\/\/icecon.ro\/en\/wp-json\/wp\/v2\/comments?post=3847"}],"version-history":[{"count":0,"href":"https:\/\/icecon.ro\/en\/wp-json\/wp\/v2\/pages\/3847\/revisions"}],"up":[{"embeddable":true,"href":"https:\/\/icecon.ro\/en\/wp-json\/wp\/v2\/pages\/3776"}],"wp:attachment":[{"href":"https:\/\/icecon.ro\/en\/wp-json\/wp\/v2\/media?parent=3847"}],"curies":[{"name":"wp","href":"https:\/\/api.w.org\/{rel}","templated":true}]}}