{"id":3752,"date":"2018-01-22T10:53:32","date_gmt":"2018-01-22T10:53:32","guid":{"rendered":"http:\/\/icecon.ro\/about-us\/consiliul-stiintific\/"},"modified":"2018-08-28T10:59:43","modified_gmt":"2018-08-28T10:59:43","slug":"scientific-council","status":"publish","type":"page","link":"https:\/\/icecon.ro\/en\/about-us\/scientific-council\/","title":{"rendered":"Scientific Council"},"content":{"rendered":"<p>[vc_row css_animation=&#8221;&#8221; row_type=&#8221;row&#8221; use_row_as_full_screen_section=&#8221;no&#8221; type=&#8221;full_width&#8221; angled_section=&#8221;no&#8221; text_align=&#8221;left&#8221; background_image_as_pattern=&#8221;without_pattern&#8221; padding_bottom=&#8221;30&#8243;][vc_column][vc_column_text]<\/p>\n<p style=\"text-align: center;\"><span style=\"color: #000000;\"><strong>Scientific Council<\/strong><\/span><\/p>\n<p>&nbsp;<\/p>\n<p style=\"text-align: center;\"><strong>PRESIDENT<\/strong>: Professor ADRIAN BRUJA Ph.D.<\/p>\n<p style=\"text-align: center;\"><strong>VICE-PRESIDENT<\/strong>: Dipl. Eng. ADRIAN \u0162ABREA Ph.D.<\/p>\n<p style=\"text-align: center;\"><strong>SCIENTIFIC SECRETARY:<\/strong> Dipl. Eng. DANIELA FIAT Ph.D.<\/p>\n<p>&nbsp;<\/p>\n<p>&nbsp;<\/p>\n<p>&nbsp;<\/p>\n<p style=\"text-align: center;\"><span style=\"color: #000000;\"><strong>MEMBERS:<\/strong><\/span><\/p>\n<p>&nbsp;<\/p>\n<p style=\"text-align: center;\">Professor Alexandru VL\u0102DEANU Ph.D.<\/p>\n<p style=\"text-align: center;\">Andrei VASILESCU Ph.D.<\/p>\n<p style=\"text-align: center;\">Professor Cristian PAVEL Ph.D.<\/p>\n<p style=\"text-align: center;\">Associat Professor Ovidiu VASILE Ph.D.<\/p>\n<p style=\"text-align: center;\">Associat Professor Carmen DEBELEAC Ph.D.<\/p>\n<p style=\"text-align: center;\">Associat Professor Silviu N\u0102STAC Ph.D.<\/p>\n<p style=\"text-align: center;\">Dipl. Eng. Maria \u015eTEF\u0102NIC\u0102 Ph.D.<\/p>\n<p style=\"text-align: center;\">Dipl. Eng. Ana GHEORGHE Ph.D.<\/p>\n<p style=\"text-align: center;\">Dipl. Eng. Ramona PIN\u0162OI Ph.D.<\/p>\n<p style=\"text-align: center;\">Dipl. Eng. Carmen ALEXANDRU Ph.D.<\/p>\n<p style=\"text-align: center;\">Dipl. Eng. Mirela LAZ\u0102R Ph.D.<\/p>\n<p style=\"text-align: center;\">Dipl. Eng. Aurelian GHINEA<\/p>\n<p style=\"text-align: center;\">Dipl. Eng. Mihai CIUNCANU<\/p>\n<p style=\"text-align: center;\">Dipl. Eng. Cristinel SEBE<\/p>\n<p>[\/vc_column_text][\/vc_column][\/vc_row][vc_row css_animation=&#8221;&#8221; row_type=&#8221;row&#8221; use_row_as_full_screen_section=&#8221;no&#8221; type=&#8221;grid&#8221; angled_section=&#8221;no&#8221; text_align=&#8221;left&#8221; background_image_as_pattern=&#8221;without_pattern&#8221; padding_top=&#8221;40&#8243;][vc_column][vc_row_inner row_type=&#8221;row&#8221; type=&#8221;grid&#8221; text_align=&#8221;left&#8221; background_color=&#8221;#3291d1&#8243; padding_top=&#8221;10&#8243; padding_bottom=&#8221;10&#8243; css_animation=&#8221;&#8221;][vc_column_inner][vc_column_text]<\/p>\n<h3 style=\"text-align: left;\"><span style=\"color: #ffffff;\"><strong>News<\/strong><\/span><\/h3>\n<p>[\/vc_column_text][\/vc_column_inner][\/vc_row_inner]<div class=\"lvca-portfolio-wrap lvca-gapless-grid\"><div id=\"lvca-portfolio-69e4c7e600e50\" \n                    class=\"lvca-portfolio js-isotope lvca-masonry lvca-grid-container  lvca-grid-desktop-4 lvca-grid-tablet-2 lvca-grid-mobile-1\"\n                    data-gutter=\"20\"\n                    data-tablet_gutter=\"10\"\n                    data-tablet_width=\"800\"\n                    data-mobile_gutter=\"10\"\n                    data-mobile_width=\"480\"\n                    data-isotope-options='{ \"itemSelector\": \".lvca-portfolio-item\", \"layoutMode\": \"masonry\" }'><div data-id=\"id-3719\" class=\"lvca-grid-item lvca-portfolio-item  term-82\"><article id=\"post-3719\" class=\"post-3719 post type-post status-publish format-standard has-post-thumbnail hentry category-news\"><div class=\"lvca-project-image\"><a href=\"https:\/\/icecon.ro\/en\/adsc-association\/\" ><img loading=\"lazy\" decoding=\"async\" width=\"1024\" height=\"704\" src=\"https:\/\/icecon.ro\/wp-content\/uploads\/2018\/04\/ADSC2-1024x704.jpg\" class=\"attachment-large size-large wp-post-image\" alt=\"\" srcset=\"https:\/\/icecon.ro\/wp-content\/uploads\/2018\/04\/ADSC2.jpg 1024w, https:\/\/icecon.ro\/wp-content\/uploads\/2018\/04\/ADSC2-300x206.jpg 300w, https:\/\/icecon.ro\/wp-content\/uploads\/2018\/04\/ADSC2-768x528.jpg 768w, https:\/\/icecon.ro\/wp-content\/uploads\/2018\/04\/ADSC2-700x481.jpg 700w\" sizes=\"auto, (max-width: 1024px) 100vw, 1024px\" \/><\/a><\/div><div class=\"lvca-entry-text-wrap \"><h3 class=\"entry-title\"><a href=\"https:\/\/icecon.ro\/en\/adsc-association\/\" title=\"ADSC association\"  rel=\"bookmark\">ADSC association<\/a><\/h3><div class=\"lvca-entry-meta\"><span class=\"published\"><abbr title=\"Thursday, April, 2018, 10:27 am\">5 April 2018<\/abbr><\/span><\/div><\/div><\/article><!-- .hentry --><\/div><div data-id=\"id-3721\" class=\"lvca-grid-item lvca-portfolio-item  term-82\"><article id=\"post-3721\" class=\"post-3721 post type-post status-publish format-standard has-post-thumbnail hentry category-news\"><div class=\"lvca-project-image\"><a href=\"https:\/\/icecon.ro\/en\/open-position-for-scientific-researcher-grade-ii\/\" ><img loading=\"lazy\" decoding=\"async\" width=\"1024\" height=\"704\" src=\"https:\/\/icecon.ro\/wp-content\/uploads\/2018\/04\/Concurs2-1024x704.jpg\" class=\"attachment-large size-large wp-post-image\" alt=\"\" srcset=\"https:\/\/icecon.ro\/wp-content\/uploads\/2018\/04\/Concurs2.jpg 1024w, https:\/\/icecon.ro\/wp-content\/uploads\/2018\/04\/Concurs2-300x206.jpg 300w, https:\/\/icecon.ro\/wp-content\/uploads\/2018\/04\/Concurs2-768x528.jpg 768w, https:\/\/icecon.ro\/wp-content\/uploads\/2018\/04\/Concurs2-700x481.jpg 700w\" sizes=\"auto, (max-width: 1024px) 100vw, 1024px\" \/><\/a><\/div><div class=\"lvca-entry-text-wrap \"><h3 class=\"entry-title\"><a href=\"https:\/\/icecon.ro\/en\/open-position-for-scientific-researcher-grade-ii\/\" title=\"Open position for Scientific Researcher grade II\"  rel=\"bookmark\">Open position for Scientific Researcher grade II<\/a><\/h3><div class=\"lvca-entry-meta\"><span class=\"published\"><abbr title=\"Thursday, April, 2018, 8:49 am\">5 April 2018<\/abbr><\/span><\/div><\/div><\/article><!-- .hentry --><\/div><div data-id=\"id-3723\" class=\"lvca-grid-item lvca-portfolio-item  term-82\"><article id=\"post-3723\" class=\"post-3723 post type-post status-publish format-standard has-post-thumbnail hentry category-news\"><div class=\"lvca-project-image\"><a href=\"https:\/\/icecon.ro\/en\/professor-emeritus\/\" ><img loading=\"lazy\" decoding=\"async\" width=\"1024\" height=\"704\" src=\"https:\/\/icecon.ro\/wp-content\/uploads\/2018\/04\/Profesor-Emerit-1024x704.jpg\" class=\"attachment-large size-large wp-post-image\" alt=\"\" srcset=\"https:\/\/icecon.ro\/wp-content\/uploads\/2018\/04\/Profesor-Emerit.jpg 1024w, https:\/\/icecon.ro\/wp-content\/uploads\/2018\/04\/Profesor-Emerit-300x206.jpg 300w, https:\/\/icecon.ro\/wp-content\/uploads\/2018\/04\/Profesor-Emerit-768x528.jpg 768w, https:\/\/icecon.ro\/wp-content\/uploads\/2018\/04\/Profesor-Emerit-700x481.jpg 700w\" sizes=\"auto, (max-width: 1024px) 100vw, 1024px\" \/><\/a><\/div><div class=\"lvca-entry-text-wrap \"><h3 class=\"entry-title\"><a href=\"https:\/\/icecon.ro\/en\/professor-emeritus\/\" title=\"Professor Emeritus\"  rel=\"bookmark\">Professor Emeritus<\/a><\/h3><div class=\"lvca-entry-meta\"><span class=\"published\"><abbr title=\"Thursday, April, 2018, 8:34 am\">5 April 2018<\/abbr><\/span><\/div><\/div><\/article><!-- .hentry --><\/div><div data-id=\"id-3725\" class=\"lvca-grid-item lvca-portfolio-item  term-82\"><article id=\"post-3725\" class=\"post-3725 post type-post status-publish format-standard has-post-thumbnail hentry category-news\"><div class=\"lvca-project-image\"><a href=\"https:\/\/icecon.ro\/en\/european-technical-assessment-body\/\" ><img loading=\"lazy\" decoding=\"async\" width=\"1024\" height=\"683\" src=\"https:\/\/icecon.ro\/wp-content\/uploads\/2018\/04\/97193488-1024x683.jpg\" class=\"attachment-large size-large wp-post-image\" alt=\"\" srcset=\"https:\/\/icecon.ro\/wp-content\/uploads\/2018\/04\/97193488-1024x683.jpg 1024w, https:\/\/icecon.ro\/wp-content\/uploads\/2018\/04\/97193488-300x200.jpg 300w, https:\/\/icecon.ro\/wp-content\/uploads\/2018\/04\/97193488-768x512.jpg 768w, https:\/\/icecon.ro\/wp-content\/uploads\/2018\/04\/97193488-700x467.jpg 700w\" sizes=\"auto, (max-width: 1024px) 100vw, 1024px\" \/><\/a><\/div><div class=\"lvca-entry-text-wrap \"><h3 class=\"entry-title\"><a href=\"https:\/\/icecon.ro\/en\/european-technical-assessment-body\/\" title=\"European Technical Assessment Body\"  rel=\"bookmark\">European Technical Assessment Body<\/a><\/h3><div class=\"lvca-entry-meta\"><span class=\"published\"><abbr title=\"Thursday, April, 2018, 8:28 am\">5 April 2018<\/abbr><\/span><\/div><\/div><\/article><!-- .hentry --><\/div><\/div><!-- .lvca-portfolio --><\/div><!-- .lvca-portfolio-wrap -->[vc_separator type=&#8221;normal&#8221;][\/vc_column][\/vc_row]<\/p>\n","protected":false},"excerpt":{"rendered":"<p>[vc_row css_animation=&#8221;&#8221; row_type=&#8221;row&#8221; use_row_as_full_screen_section=&#8221;no&#8221; type=&#8221;full_width&#8221; angled_section=&#8221;no&#8221; text_align=&#8221;left&#8221; background_image_as_pattern=&#8221;without_pattern&#8221; padding_bottom=&#8221;30&#8243;][vc_column][vc_column_text] Scientific Council &nbsp; PRESIDENT: Professor ADRIAN BRUJA Ph.D. VICE-PRESIDENT: Dipl. Eng. ADRIAN \u0162ABREA Ph.D. SCIENTIFIC SECRETARY: Dipl. Eng. DANIELA FIAT Ph.D. &nbsp; &nbsp; &nbsp; MEMBERS: &nbsp; Professor Alexandru VL\u0102DEANU Ph.D. Andrei VASILESCU Ph.D. Professor Cristian PAVEL&#8230;<\/p>\n","protected":false},"author":2,"featured_media":0,"parent":3733,"menu_order":0,"comment_status":"closed","ping_status":"closed","template":"","meta":{"footnotes":""},"class_list":["post-3752","page","type-page","status-publish","hentry"],"_links":{"self":[{"href":"https:\/\/icecon.ro\/en\/wp-json\/wp\/v2\/pages\/3752","targetHints":{"allow":["GET"]}}],"collection":[{"href":"https:\/\/icecon.ro\/en\/wp-json\/wp\/v2\/pages"}],"about":[{"href":"https:\/\/icecon.ro\/en\/wp-json\/wp\/v2\/types\/page"}],"author":[{"embeddable":true,"href":"https:\/\/icecon.ro\/en\/wp-json\/wp\/v2\/users\/2"}],"replies":[{"embeddable":true,"href":"https:\/\/icecon.ro\/en\/wp-json\/wp\/v2\/comments?post=3752"}],"version-history":[{"count":0,"href":"https:\/\/icecon.ro\/en\/wp-json\/wp\/v2\/pages\/3752\/revisions"}],"up":[{"embeddable":true,"href":"https:\/\/icecon.ro\/en\/wp-json\/wp\/v2\/pages\/3733"}],"wp:attachment":[{"href":"https:\/\/icecon.ro\/en\/wp-json\/wp\/v2\/media?parent=3752"}],"curies":[{"name":"wp","href":"https:\/\/api.w.org\/{rel}","templated":true}]}}